{"id":586,"date":"2025-12-18T21:01:08","date_gmt":"2025-12-18T21:01:08","guid":{"rendered":"https:\/\/umweltplakette-frankreich.com\/?page_id=586"},"modified":"2026-02-02T16:59:47","modified_gmt":"2026-02-02T16:59:47","slug":"cgv-dt","status":"publish","type":"page","link":"https:\/\/umweltplakette-frankreich.com\/de\/cgv-dt\/","title":{"rendered":"ALLGEMEINE GESCH\u00c4FTSBEDINGUNGEN (AGB \/ CGV)"},"content":{"rendered":"<div data-elementor-type=\"wp-page\" data-elementor-id=\"586\" class=\"elementor elementor-586\" data-elementor-post-type=\"page\">\n\t\t\t\t\t\t<section class=\"elementor-section elementor-top-section elementor-element elementor-element-9e11bb5 elementor-section-height-min-height elementor-section-boxed elementor-section-height-default elementor-section-items-middle\" data-id=\"9e11bb5\" data-element_type=\"section\" data-e-type=\"section\">\n\t\t\t\t\t\t<div class=\"elementor-container elementor-column-gap-default\">\n\t\t\t\t\t<div class=\"elementor-column elementor-col-100 elementor-top-column elementor-element elementor-element-4cc3347\" data-id=\"4cc3347\" data-element_type=\"column\" data-e-type=\"column\">\n\t\t\t<div class=\"elementor-widget-wrap elementor-element-populated\">\n\t\t\t\t\t\t<div class=\"elementor-element elementor-element-4fea4d3 de_scroll_animation_no elementor-widget elementor-widget-heading\" data-id=\"4fea4d3\" data-element_type=\"widget\" data-e-type=\"widget\" data-widget_type=\"heading.default\">\n\t\t\t\t\t<h1 class=\"elementor-heading-title elementor-size-default\">Allgemeine Gesch\u00e4ftsbedingungen (AGB)<\/h1>\t\t\t\t<\/div>\n\t\t\t\t\t<\/div>\n\t\t<\/div>\n\t\t\t\t\t<\/div>\n\t\t<\/section>\n\t\t<div class=\"elementor-element elementor-element-42114fe e-flex e-con-boxed e-con e-parent\" data-id=\"42114fe\" data-element_type=\"container\" data-e-type=\"container\">\n\t\t\t\t\t<div class=\"e-con-inner\">\n\t\t\t\t<div class=\"elementor-element elementor-element-aa9038e de_scroll_animation_no elementor-widget elementor-widget-text-editor\" data-id=\"aa9038e\" data-element_type=\"widget\" data-e-type=\"widget\" data-widget_type=\"text-editor.default\">\n\t\t\t\t\t\t\t\t\t<p data-start=\"8402\" data-end=\"8550\">Diese Bedingungen regeln die Beziehung zwischen <strong data-start=\"8450\" data-end=\"8470\">la robe oriental<\/strong>, mit Sitz in den Vereinigten Arabischen Emiraten, und jedem Nutzer der Website.<\/p><h5 data-start=\"8552\" data-end=\"8565\">1. Zweck<\/h5><p data-start=\"8566\" data-end=\"8776\">Diese AGB regeln die Bereitstellung eines <strong data-start=\"8608\" data-end=\"8638\">privaten Assistenzservices<\/strong> f\u00fcr die Beantragung der Crit\u2019Air-Plakette, einschlie\u00dflich Pr\u00fcfung, Unterst\u00fctzung, Nachverfolgung und Zugang zu einem digitalen Leitfaden.<\/p><p data-start=\"8778\" data-end=\"8829\">Diese Website ist keine offizielle Regierungsseite.<\/p><h5 data-start=\"8831\" data-end=\"8864\">2. Beschreibung des Angebots<\/h5><p data-start=\"8866\" data-end=\"8907\">Mit der Bestellung schlie\u00dft der Kunde ab:<\/p><p data-start=\"8909\" data-end=\"8980\">\ud83d\udd39 Einen <strong data-start=\"8918\" data-end=\"8954\">Erstservice zum Preis von 3,90 \u20ac<\/strong>, der Folgendes umfasst:<\/p><ul data-start=\"8981\" data-end=\"9084\"><li data-start=\"8981\" data-end=\"9012\"><p data-start=\"8983\" data-end=\"9012\">Start des Crit\u2019Air-Antrags,<\/p><\/li><li data-start=\"9013\" data-end=\"9050\"><p data-start=\"9015\" data-end=\"9050\">Unterst\u00fctzung und Nachverfolgung,<\/p><\/li><li data-start=\"9051\" data-end=\"9084\"><p data-start=\"9053\" data-end=\"9084\">Zugang zum digitalen Leitfaden.<\/p><\/li><\/ul><p data-start=\"9086\" data-end=\"9173\">\ud83d\udd39 Diese Bestellung beinhaltet einen <strong data-start=\"9123\" data-end=\"9151\">kostenlosen Testzeitraum<\/strong> des Premium-Services.<\/p><p data-start=\"9175\" data-end=\"9315\">\ud83d\udd01 Nach Ablauf des Tests wird automatisch ein <strong data-start=\"9221\" data-end=\"9255\">Abonnement in H\u00f6he von 45 \u20ac<\/strong> aktiviert und belastet, sofern nicht vorher gek\u00fcndigt wird.<\/p><p data-start=\"9317\" data-end=\"9355\">Das Abonnement umfasst insbesondere:<\/p><ul data-start=\"9356\" data-end=\"9480\"><li data-start=\"9356\" data-end=\"9399\"><p data-start=\"9358\" data-end=\"9399\">bis zu <strong data-start=\"9365\" data-end=\"9396\">3 Crit\u2019Air-Antr\u00e4ge pro Jahr<\/strong>,<\/p><\/li><li data-start=\"9400\" data-end=\"9426\"><p data-start=\"9402\" data-end=\"9426\">priorisierten Support,<\/p><\/li><li data-start=\"9427\" data-end=\"9480\"><p data-start=\"9429\" data-end=\"9480\">dauerhaften Zugang zum E-Book und Premium-Services.<\/p><\/li><\/ul><h5 data-start=\"9661\" data-end=\"9676\">4. Zahlung<\/h5><p data-start=\"9677\" data-end=\"9884\">Die Zahlung ist sofort f\u00e4llig und erfolgt \u00fcber sichere Zahlungsanbieter.<br data-start=\"9749\" data-end=\"9752\" \/>Mit der Best\u00e4tigung der Bestellung autorisiert der Kunde auch die sp\u00e4tere Belastung des Abonnements, sofern es nicht gek\u00fcndigt wird.<\/p><h5 data-start=\"9886\" data-end=\"9916\">5. Abonnement &amp; K\u00fcndigung<\/h5><p>Der Kunde kann das Abonnement k\u00fcndigen:<\/p><p>indem er sich an den Kundenservice unter <a href=\"mailto:contact@umweltplakette-frankreich.com\">contact@umweltplakette-frankreich.com<\/a>\u00a0wendet.<\/p><p>Bei einer K\u00fcndigung vor Ablauf des Testzeitraums entf\u00e4llt die Geb\u00fchr von 45 \u20ac.<\/p><p>Nach der Rechnungsstellung bleibt das Abonnement bis zum Ablaufdatum aktiv.<\/p><p><strong>6. Ihr Widerrufsrecht<\/strong><\/p><p>Gem\u00e4\u00df Artikel L221-5 des franz\u00f6sischen Verbraucherschutzgesetzes (Code de la consommation) \u00fcber Fernabsatzvertr\u00e4ge haben Sie als Verbraucher bei einem Fernabsatzkauf ein 14-t\u00e4giges Widerrufsrecht ohne Angabe von Gr\u00fcnden.<\/p><p>Die 14-t\u00e4gige Widerrufsfrist beginnt mit dem Tag der Bestellung. Um Ihr Widerrufsrecht auszu\u00fcben, m\u00fcssen Sie uns mittels einer eindeutigen Mitteilung per E-Mail (<a href=\"mailto:contact@umweltplakette-frankreich.com\">contact@umweltplakette-frankreich.com<\/a>) \u00fcber Ihren Entschluss, diesen Vertrag zu widerrufen, informieren. Die Widerrufsfrist ist gewahrt, wenn Sie Ihre Widerrufserkl\u00e4rung vor Ablauf der Frist absenden.<\/p><p><strong>7. Folgen des Widerrufs<\/strong><\/p><p>Wenn Sie diesen Vertrag widerrufen, erstatten wir Ihnen alle von Ihnen erhaltenen Zahlungen unverz\u00fcglich, sp\u00e4testens jedoch innerhalb von 14 Tagen nach Eingang Ihres R\u00fcckerstattungsantrags.<\/p><p>F\u00fcr die R\u00fcckerstattung verwenden wir dasselbe Zahlungsmittel, das Sie bei der urspr\u00fcnglichen Transaktion eingesetzt haben. Ihnen entstehen keine zus\u00e4tzlichen Kosten.<\/p><p>Das Widerrufsrecht erlischt vorzeitig, wenn der Nutzer w\u00e4hrend des Bestellvorgangs durch seine Zustimmung auf dieses Recht verzichtet. Dies bedeutet, dass der Nutzer die Website erm\u00e4chtigt, seine Bestellung unverz\u00fcglich zu bearbeiten.<\/p><p>In diesem Fall ist keine R\u00fcckerstattung m\u00f6glich.<\/p><p><strong>8. BESCHWERDEN \u2013 GERICHTSSTAND<\/strong><br \/>Bei Beschwerden bez\u00fcglich der Ausstellung des Zertifikats wenden Sie sich bitte per E-Mail an unsere Website: contact@umweltplakette-frankreich.com.<\/p><p>Im Streitfall ist das Recht des Landes anwendbar, in dem die Bestellung aufgegeben wurde.<br \/>F\u00fcr Streitigkeiten im Zusammenhang mit dem Zustandekommen, der Erf\u00fcllung oder der Auslegung dieser Allgemeinen Gesch\u00e4ftsbedingungen sind ausschlie\u00dflich die zust\u00e4ndigen franz\u00f6sischen Gerichte zust\u00e4ndig, sofern der Kl\u00e4ger nicht im Rahmen seiner beruflichen T\u00e4tigkeit handelt.<\/p><p>F\u00fcr Streitigkeiten im Zusammenhang mit dem Zustandekommen, der Erf\u00fcllung oder der Auslegung dieser Allgemeinen Gesch\u00e4ftsbedingungen ist ausschlie\u00dflich das Handelsgericht Paris zust\u00e4ndig, sofern der Kl\u00e4ger im Rahmen seiner beruflichen T\u00e4tigkeit handelt.<\/p><p>Diese Klausel gilt auch im Falle von summarischen Verfahren, Gew\u00e4hrleistungsanspr\u00fcchen, Nebenanspr\u00fcchen oder mehreren Beklagten, unabh\u00e4ngig von der Zahlungsmethode oder den Zahlungsbedingungen.<\/p><h5 data-start=\"10385\" data-end=\"10407\">9. R\u00fcckerstattung<\/h5><p data-start=\"10408\" data-end=\"10573\">Eine R\u00fcckerstattung ist m\u00f6glich, wenn der Antrag noch nicht an die Verwaltung \u00fcbermittelt wurde.<br data-start=\"10504\" data-end=\"10507\" \/>Nach Beginn der Bearbeitung ist keine R\u00fcckerstattung mehr m\u00f6glich.<\/p><h5 data-start=\"10575\" data-end=\"10590\">10. Haftung<\/h5><p data-start=\"10591\" data-end=\"10727\">la robe oriental handelt als Assistenzdienstleister und haftet nicht f\u00fcr Verz\u00f6gerungen oder Entscheidungen der franz\u00f6sischen Verwaltung.<\/p><h5 data-start=\"10729\" data-end=\"10759\">11. Personenbezogene Daten<\/h5><p>Die Datenverarbeitung erfolgt gem\u00e4\u00df unserer Datenschutzerkl\u00e4rung.<\/p><p>Wir sch\u00fctzen die personenbezogenen Daten unserer Kunden durch geeignete technische und organisatorische Ma\u00dfnahmen. Die Daten werden ausschlie\u00dflich zum Zweck der Leistungserbringung erhoben, sicher gespeichert, sind nur autorisierten Mitarbeitern zug\u00e4nglich und werden niemals weiterverkauft. Zahlungen werden \u00fcber sichere Zahlungsanbieter abgewickelt. Unsere Website verwendet das HTTPS-Protokoll und entspricht den geltenden Datenschutzbestimmungen.<\/p><h5 data-start=\"10818\" data-end=\"10844\">12. Anwendbares Recht<\/h5><p data-start=\"10845\" data-end=\"10984\">Diese AGB unterliegen dem Recht des Sitzlandes der Gesellschaft.<br data-start=\"10909\" data-end=\"10912\" \/>Vor gerichtlichen Schritten wird eine einvernehmliche L\u00f6sung angestrebt.<\/p><h5 data-start=\"10986\" data-end=\"11002\">13. Kontakt<\/h5><p data-start=\"11003\" data-end=\"11037\">E-Mail: <a class=\"decorated-link cursor-pointer\" href=\"mailto:contact@umweltplakette-frankreich.com\" rel=\"noopener\" data-start=\"11011\" data-end=\"11037\">contact@umweltplakette-frankreich.com<\/a><\/p>\t\t\t\t\t\t\t\t<\/div>\n\t\t\t\t\t<\/div>\n\t\t\t\t<\/div>\n\t\t\t\t<\/div>","protected":false},"excerpt":{"rendered":"<p>Allgemeine Gesch\u00e4ftsbedingungen (AGB) Diese Bedingungen regeln die Beziehung zwischen la robe oriental, mit Sitz in den Vereinigten Arabischen Emiraten, und jedem Nutzer der Website. 1. Zweck Diese AGB regeln die Bereitstellung eines privaten Assistenzservices f\u00fcr die Beantragung der Crit\u2019Air-Plakette, einschlie\u00dflich Pr\u00fcfung, Unterst\u00fctzung, Nachverfolgung und Zugang zu einem digitalen Leitfaden. Diese Website ist keine offizielle Regierungsseite. [&hellip;]<\/p>","protected":false},"author":1,"featured_media":0,"parent":0,"menu_order":0,"comment_status":"closed","ping_status":"open","template":"","meta":{"footnotes":""},"class_list":["post-586","page","type-page","status-publish","hentry"],"_links":{"self":[{"href":"https:\/\/umweltplakette-frankreich.com\/de\/wp-json\/wp\/v2\/pages\/586","targetHints":{"allow":["GET"]}}],"collection":[{"href":"https:\/\/umweltplakette-frankreich.com\/de\/wp-json\/wp\/v2\/pages"}],"about":[{"href":"https:\/\/umweltplakette-frankreich.com\/de\/wp-json\/wp\/v2\/types\/page"}],"author":[{"embeddable":true,"href":"https:\/\/umweltplakette-frankreich.com\/de\/wp-json\/wp\/v2\/users\/1"}],"replies":[{"embeddable":true,"href":"https:\/\/umweltplakette-frankreich.com\/de\/wp-json\/wp\/v2\/comments?post=586"}],"version-history":[{"count":16,"href":"https:\/\/umweltplakette-frankreich.com\/de\/wp-json\/wp\/v2\/pages\/586\/revisions"}],"predecessor-version":[{"id":1775,"href":"https:\/\/umweltplakette-frankreich.com\/de\/wp-json\/wp\/v2\/pages\/586\/revisions\/1775"}],"wp:attachment":[{"href":"https:\/\/umweltplakette-frankreich.com\/de\/wp-json\/wp\/v2\/media?parent=586"}],"curies":[{"name":"wp","href":"https:\/\/api.w.org\/{rel}","templated":true}]}}