{"id":596,"date":"2025-12-18T21:03:48","date_gmt":"2025-12-18T21:03:48","guid":{"rendered":"https:\/\/umweltplakette-frankreich.com\/?page_id=596"},"modified":"2025-12-19T16:19:31","modified_gmt":"2025-12-19T16:19:31","slug":"impressum","status":"publish","type":"page","link":"https:\/\/umweltplakette-frankreich.com\/de\/impressum\/","title":{"rendered":"Impressum"},"content":{"rendered":"<div data-elementor-type=\"wp-page\" data-elementor-id=\"596\" class=\"elementor elementor-596\" data-elementor-post-type=\"page\">\n\t\t\t\t\t\t<section class=\"elementor-section elementor-top-section elementor-element elementor-element-aa8cebb elementor-section-height-min-height elementor-section-boxed elementor-section-height-default elementor-section-items-middle\" data-id=\"aa8cebb\" data-element_type=\"section\" data-e-type=\"section\">\n\t\t\t\t\t\t<div class=\"elementor-container elementor-column-gap-default\">\n\t\t\t\t\t<div class=\"elementor-column elementor-col-100 elementor-top-column elementor-element elementor-element-1e02b83\" data-id=\"1e02b83\" data-element_type=\"column\" data-e-type=\"column\">\n\t\t\t<div class=\"elementor-widget-wrap elementor-element-populated\">\n\t\t\t\t\t\t<div class=\"elementor-element elementor-element-d43972c de_scroll_animation_no elementor-widget elementor-widget-heading\" data-id=\"d43972c\" data-element_type=\"widget\" data-e-type=\"widget\" data-widget_type=\"heading.default\">\n\t\t\t\t\t<h1 class=\"elementor-heading-title elementor-size-default\">Impressum<\/h1>\t\t\t\t<\/div>\n\t\t\t\t\t<\/div>\n\t\t<\/div>\n\t\t\t\t\t<\/div>\n\t\t<\/section>\n\t\t<div class=\"elementor-element elementor-element-98db261 e-flex e-con-boxed e-con e-parent\" data-id=\"98db261\" data-element_type=\"container\" data-e-type=\"container\">\n\t\t\t\t\t<div class=\"e-con-inner\">\n\t\t\t\t<div class=\"elementor-element elementor-element-143754b3 de_scroll_animation_no elementor-widget elementor-widget-text-editor\" data-id=\"143754b3\" data-element_type=\"widget\" data-e-type=\"widget\" data-widget_type=\"text-editor.default\">\n\t\t\t\t\t\t\t\t\t<p data-start=\"1343\" data-end=\"1491\"><strong data-start=\"1343\" data-end=\"1371\">Herausgeber der Website:<\/strong><br data-start=\"1371\" data-end=\"1374\" \/>Firmenname: <strong data-start=\"1386\" data-end=\"1406\">la robe oriental<\/strong><br data-start=\"1406\" data-end=\"1409\" \/>Adresse: <strong data-start=\"1418\" data-end=\"1450\">Vereinigte Arabische Emirate<\/strong><br data-start=\"1450\" data-end=\"1453\" \/>E-Mail: <strong data-start=\"1461\" data-end=\"1491\"><a class=\"decorated-link cursor-pointer\" rel=\"noopener\" data-start=\"1463\" data-end=\"1489\">contact@umweltplakette-frankreich.com<\/a><\/strong><\/p>\n<p data-start=\"1493\" data-end=\"1556\"><strong data-start=\"1493\" data-end=\"1537\">Verantwortlich f\u00fcr die Ver\u00f6ffentlichung:<\/strong><br data-start=\"1537\" data-end=\"1540\" \/>la robe oriental<\/p>\n<p data-start=\"1558\" data-end=\"1664\"><strong data-start=\"1558\" data-end=\"1570\">Hosting:<\/strong><br data-start=\"1570\" data-end=\"1573\" \/>IONOS SARL<br data-start=\"1583\" data-end=\"1586\" \/>7, place de la Gare<br data-start=\"1605\" data-end=\"1608\" \/>57200 Sarreguemines \u2013 Frankreich<br data-start=\"1640\" data-end=\"1643\" \/>Website: <a class=\"decorated-link cursor-pointer\" target=\"_new\" rel=\"noopener\" data-start=\"1652\" data-end=\"1664\">www.ionos.de<\/a><\/p>\n<p data-start=\"1666\" data-end=\"1897\"><strong data-start=\"1666\" data-end=\"1680\">T\u00e4tigkeit:<\/strong><br data-start=\"1680\" data-end=\"1683\" \/>Diese Website bietet einen <strong data-start=\"1710\" data-end=\"1739\">privaten Assistenzservice<\/strong> f\u00fcr die Beantragung der Crit\u2019Air-Umweltplakette an.<br data-start=\"1791\" data-end=\"1794\" \/>Sie ist <strong data-start=\"1802\" data-end=\"1896\">nicht mit einer staatlichen Stelle oder der offiziellen franz\u00f6sischen Verwaltung verbunden<\/strong>.<\/p>\n<p data-start=\"1899\" data-end=\"2067\"><strong data-start=\"1899\" data-end=\"1922\">Geistiges Eigentum:<\/strong><br data-start=\"1922\" data-end=\"1925\" \/>Alle Inhalte dieser Website (Texte, Bilder, Logos usw.) sind urheberrechtlich gesch\u00fctzt. Jede Vervielf\u00e4ltigung ist ohne Genehmigung untersagt.<\/p>\n<p data-start=\"2069\" data-end=\"2241\"><strong data-start=\"2069\" data-end=\"2081\">Haftung:<\/strong><br data-start=\"2081\" data-end=\"2084\" \/>Der Herausgeber bem\u00fcht sich um korrekte Angaben, \u00fcbernimmt jedoch keine Haftung f\u00fcr Fehler, Auslassungen oder die Nutzung der bereitgestellten Informationen.<\/p>\t\t\t\t\t\t\t\t<\/div>\n\t\t\t\t\t<\/div>\n\t\t\t\t<\/div>\n\t\t\t\t<\/div>","protected":false},"excerpt":{"rendered":"<p>Impressum Herausgeber der Website:Firmenname: la robe orientalAdresse: Vereinigte Arabische EmirateE-Mail: contact@umweltplakette-frankreich.com Verantwortlich f\u00fcr die Ver\u00f6ffentlichung:la robe oriental Hosting:IONOS SARL7, place de la Gare57200 Sarreguemines \u2013 FrankreichWebsite: www.ionos.de T\u00e4tigkeit:Diese Website bietet einen privaten Assistenzservice f\u00fcr die Beantragung der Crit\u2019Air-Umweltplakette an.Sie ist nicht mit einer staatlichen Stelle oder der offiziellen franz\u00f6sischen Verwaltung verbunden. Geistiges Eigentum:Alle Inhalte dieser [&hellip;]<\/p>","protected":false},"author":1,"featured_media":0,"parent":0,"menu_order":0,"comment_status":"closed","ping_status":"closed","template":"","meta":{"footnotes":""},"class_list":["post-596","page","type-page","status-publish","hentry"],"_links":{"self":[{"href":"https:\/\/umweltplakette-frankreich.com\/de\/wp-json\/wp\/v2\/pages\/596","targetHints":{"allow":["GET"]}}],"collection":[{"href":"https:\/\/umweltplakette-frankreich.com\/de\/wp-json\/wp\/v2\/pages"}],"about":[{"href":"https:\/\/umweltplakette-frankreich.com\/de\/wp-json\/wp\/v2\/types\/page"}],"author":[{"embeddable":true,"href":"https:\/\/umweltplakette-frankreich.com\/de\/wp-json\/wp\/v2\/users\/1"}],"replies":[{"embeddable":true,"href":"https:\/\/umweltplakette-frankreich.com\/de\/wp-json\/wp\/v2\/comments?post=596"}],"version-history":[{"count":10,"href":"https:\/\/umweltplakette-frankreich.com\/de\/wp-json\/wp\/v2\/pages\/596\/revisions"}],"predecessor-version":[{"id":689,"href":"https:\/\/umweltplakette-frankreich.com\/de\/wp-json\/wp\/v2\/pages\/596\/revisions\/689"}],"wp:attachment":[{"href":"https:\/\/umweltplakette-frankreich.com\/de\/wp-json\/wp\/v2\/media?parent=596"}],"curies":[{"name":"wp","href":"https:\/\/api.w.org\/{rel}","templated":true}]}}